{"id":15,"date":"2024-06-17T23:40:04","date_gmt":"2024-06-17T21:40:04","guid":{"rendered":"https:\/\/imcosmh.cluster030.hosting.ovh.net\/?page_id=15"},"modified":"2024-06-18T22:40:30","modified_gmt":"2024-06-18T20:40:30","slug":"notre-raison-detre","status":"publish","type":"page","link":"https:\/\/imcosmeticlab.com\/index.php\/notre-raison-detre\/","title":{"rendered":"La cosm\u00e9top\u00e9e, notre raison d&rsquo;\u00eatre"},"content":{"rendered":"\n<p>La <strong>cosm\u00e9top\u00e9e<\/strong> consiste \u00e0 recenser les plantes et leurs usages traditionnels dans le domaine de la cosm\u00e9tique.<\/p>\n\n\n\n<p>Plongez au c\u0153ur de la <strong>biodiversit\u00e9 exceptionnelle de la Cara\u00efbe<\/strong> et explorez les richesses v\u00e9g\u00e9tales que nous mettons en valeur \u00e0 travers la cosm\u00e9top\u00e9e.<\/p>\n\n\n\n<p>Le <strong>savoir-faire ancestral<\/strong>, enrichi par des <strong>avanc\u00e9es scientifiques modernes<\/strong>, nous permet de transformer les plantes locales en<strong> ingr\u00e9dients pr\u00e9cieux<\/strong> qui nourrissent, prot\u00e8gent et subliment votre peau et vos cheveux.<\/p>\n\n\n\n<p>Notre laboratoire, <strong>IM Cosm\u00e9tic Lab<\/strong>, s&rsquo;engage activement dans la <strong>recherche et le d\u00e9veloppement<\/strong> d&rsquo;actifs issus de la <strong>biodiversit\u00e9 carib\u00e9enne<\/strong>, afin de proposer des ingr\u00e9dients cosm\u00e9tiques qui refl\u00e8tent la richesse et la diversit\u00e9 de cette r\u00e9gion unique.<\/p>\n\n\n\n<p>Nous transformons les <strong>plantes locales<\/strong> en <strong>ingr\u00e9dients pr\u00e9cieux<\/strong> et efficaces. <\/p>\n\n\n\n<p>Ainsi, nous proposons des<strong> actifs cosm\u00e9tiques<\/strong> qui refl\u00e8tent la richesse et la diversit\u00e9 de notre r\u00e9gion, offrant des solutions de <strong>beaut\u00e9 naturelles et authentiques<\/strong>.<\/p>\n\n\n\n<p><\/p>\n","protected":false},"excerpt":{"rendered":"<p>La cosm\u00e9top\u00e9e consiste \u00e0 recenser les plantes et leurs usages traditionnels dans le domaine de la cosm\u00e9tique. Plongez au c\u0153ur de la biodiversit\u00e9 exceptionnelle de la Cara\u00efbe et explorez les richesses v\u00e9g\u00e9tales que nous mettons en valeur \u00e0 travers la cosm\u00e9top\u00e9e. Le savoir-faire ancestral, enrichi par des avanc\u00e9es scientifiques modernes, nous permet de transformer les &hellip; <\/p>\n<p class=\"link-more\"><a href=\"https:\/\/imcosmeticlab.com\/index.php\/notre-raison-detre\/\" class=\"more-link\">Continuer la lecture<span class=\"screen-reader-text\"> de &laquo;&nbsp;La cosm\u00e9top\u00e9e, notre raison d&rsquo;\u00eatre&nbsp;&raquo;<\/span><\/a><\/p>\n","protected":false},"author":1,"featured_media":50,"parent":0,"menu_order":0,"comment_status":"closed","ping_status":"closed","template":"","meta":{"footnotes":""},"class_list":["post-15","page","type-page","status-publish","has-post-thumbnail","hentry"],"_links":{"self":[{"href":"https:\/\/imcosmeticlab.com\/index.php\/wp-json\/wp\/v2\/pages\/15","targetHints":{"allow":["GET"]}}],"collection":[{"href":"https:\/\/imcosmeticlab.com\/index.php\/wp-json\/wp\/v2\/pages"}],"about":[{"href":"https:\/\/imcosmeticlab.com\/index.php\/wp-json\/wp\/v2\/types\/page"}],"author":[{"embeddable":true,"href":"https:\/\/imcosmeticlab.com\/index.php\/wp-json\/wp\/v2\/users\/1"}],"replies":[{"embeddable":true,"href":"https:\/\/imcosmeticlab.com\/index.php\/wp-json\/wp\/v2\/comments?post=15"}],"version-history":[{"count":5,"href":"https:\/\/imcosmeticlab.com\/index.php\/wp-json\/wp\/v2\/pages\/15\/revisions"}],"predecessor-version":[{"id":88,"href":"https:\/\/imcosmeticlab.com\/index.php\/wp-json\/wp\/v2\/pages\/15\/revisions\/88"}],"wp:featuredmedia":[{"embeddable":true,"href":"https:\/\/imcosmeticlab.com\/index.php\/wp-json\/wp\/v2\/media\/50"}],"wp:attachment":[{"href":"https:\/\/imcosmeticlab.com\/index.php\/wp-json\/wp\/v2\/media?parent=15"}],"curies":[{"name":"wp","href":"https:\/\/api.w.org\/{rel}","templated":true}]}}