{"id":16,"date":"2024-06-17T23:40:04","date_gmt":"2024-06-17T21:40:04","guid":{"rendered":"https:\/\/imcosmh.cluster030.hosting.ovh.net\/?page_id=16"},"modified":"2024-06-18T18:03:02","modified_gmt":"2024-06-18T16:03:02","slug":"recherche-et-developpement","status":"publish","type":"page","link":"https:\/\/imcosmeticlab.com\/index.php\/recherche-et-developpement\/","title":{"rendered":"Nos services de Recherche et d\u00e9veloppement"},"content":{"rendered":"\n<p>Chez <strong>IM Cosm\u00e9tic Lab<\/strong>, notre objectif est de mener des <strong>recherches approfondies<\/strong> et de d\u00e9velopper des <strong>actifs cosm\u00e9tiques innovants<\/strong> en utilisant des techniques de pointe d&rsquo;extraction d&rsquo;actifs v\u00e9g\u00e9taux. Nous nous engageons \u00e0 explorer la <strong>biodiversit\u00e9 carib\u00e9enne<\/strong> pour identifier et extraire des ingr\u00e9dients pr\u00e9cieux, tout en d\u00e9finissant les all\u00e9gations sp\u00e9cifiques pour chacun de ces actifs afin de garantir leur efficacit\u00e9 et leur s\u00e9curit\u00e9.<\/p>\n\n\n\n<p>Gr\u00e2ce \u00e0 notre expertise scientifique et \u00e0 notre infrastructure de recherche avanc\u00e9e, nous sommes en mesure de cr\u00e9er des <strong>actifs v\u00e9g\u00e9taux uniques et performants<\/strong>. Nos techniques d&rsquo;extraction optimis\u00e9es permettent de conserver les propri\u00e9t\u00e9s naturelles des plantes tout en maximisant leur potentiel cosm\u00e9tique. Nous collaborons \u00e9troitement avec nos clients pour comprendre leurs besoins sp\u00e9cifiques et d\u00e9velopper des solutions sur mesure qui r\u00e9pondent aux exigences du march\u00e9.<\/p>\n\n\n\n<p>Nos services de recherche et d\u00e9veloppement incluent :<\/p>\n\n\n\n<ul class=\"wp-block-list\">\n<li><strong>Identification<\/strong> et s\u00e9lection des plantes les plus prometteuses.<\/li>\n\n\n\n<li>Extraction et <strong>purification<\/strong> des actifs v\u00e9g\u00e9taux.<\/li>\n\n\n\n<li><strong>\u00c9valuation scientifique<\/strong> des propri\u00e9t\u00e9s et des bienfaits des actifs.<\/li>\n\n\n\n<li>D\u00e9veloppement de formulations innovantes int\u00e9grant nos actifs.<\/li>\n\n\n\n<li>Test et validation des <strong>all\u00e9gations cosm\u00e9tiques<\/strong>.<\/li>\n<\/ul>\n\n\n\n<p>En choisissant<strong> IM Cosm\u00e9tic Lab<\/strong> pour vos besoins en recherche et d\u00e9veloppement, vous acc\u00e9dez \u00e0 un savoir-faire exceptionnel et \u00e0 des solutions cosm\u00e9tiques avant-gardistes qui vous permettront de cr\u00e9er des <strong>produits uniques et comp\u00e9titifs<\/strong>.<\/p>\n","protected":false},"excerpt":{"rendered":"<p>Chez IM Cosm\u00e9tic Lab, notre objectif est de mener des recherches approfondies et de d\u00e9velopper des actifs cosm\u00e9tiques innovants en utilisant des techniques de pointe d&rsquo;extraction d&rsquo;actifs v\u00e9g\u00e9taux. Nous nous engageons \u00e0 explorer la biodiversit\u00e9 carib\u00e9enne pour identifier et extraire des ingr\u00e9dients pr\u00e9cieux, tout en d\u00e9finissant les all\u00e9gations sp\u00e9cifiques pour chacun de ces actifs afin &hellip; <\/p>\n<p class=\"link-more\"><a href=\"https:\/\/imcosmeticlab.com\/index.php\/recherche-et-developpement\/\" class=\"more-link\">Continuer la lecture<span class=\"screen-reader-text\"> de &laquo;&nbsp;Nos services de Recherche et d\u00e9veloppement&nbsp;&raquo;<\/span><\/a><\/p>\n","protected":false},"author":1,"featured_media":33,"parent":0,"menu_order":0,"comment_status":"closed","ping_status":"closed","template":"","meta":{"footnotes":""},"class_list":["post-16","page","type-page","status-publish","has-post-thumbnail","hentry"],"_links":{"self":[{"href":"https:\/\/imcosmeticlab.com\/index.php\/wp-json\/wp\/v2\/pages\/16","targetHints":{"allow":["GET"]}}],"collection":[{"href":"https:\/\/imcosmeticlab.com\/index.php\/wp-json\/wp\/v2\/pages"}],"about":[{"href":"https:\/\/imcosmeticlab.com\/index.php\/wp-json\/wp\/v2\/types\/page"}],"author":[{"embeddable":true,"href":"https:\/\/imcosmeticlab.com\/index.php\/wp-json\/wp\/v2\/users\/1"}],"replies":[{"embeddable":true,"href":"https:\/\/imcosmeticlab.com\/index.php\/wp-json\/wp\/v2\/comments?post=16"}],"version-history":[{"count":3,"href":"https:\/\/imcosmeticlab.com\/index.php\/wp-json\/wp\/v2\/pages\/16\/revisions"}],"predecessor-version":[{"id":58,"href":"https:\/\/imcosmeticlab.com\/index.php\/wp-json\/wp\/v2\/pages\/16\/revisions\/58"}],"wp:featuredmedia":[{"embeddable":true,"href":"https:\/\/imcosmeticlab.com\/index.php\/wp-json\/wp\/v2\/media\/33"}],"wp:attachment":[{"href":"https:\/\/imcosmeticlab.com\/index.php\/wp-json\/wp\/v2\/media?parent=16"}],"curies":[{"name":"wp","href":"https:\/\/api.w.org\/{rel}","templated":true}]}}