{"id":2,"date":"2024-06-05T14:01:35","date_gmt":"2024-06-05T12:01:35","guid":{"rendered":"http:\/\/imcosmh.cluster030.hosting.ovh.net\/?page_id=2"},"modified":"2024-06-19T00:03:23","modified_gmt":"2024-06-18T22:03:23","slug":"page-d-exemple","status":"publish","type":"page","link":"https:\/\/imcosmeticlab.com\/","title":{"rendered":"Du V\u00e9g\u00e9tal \u00e0 l\u2019Actif <br>\u2026 L\u2019art de la transformation naturelle"},"content":{"rendered":"\n<h2 class=\"wp-block-heading\">L&rsquo;innovation au coeur du v\u00e9g\u00e9tal<\/h2>\n\n\n\n<p>Bienvenue chez <strong>IM Cosm\u00e9tic Lab<\/strong>, votre partenaire de confiance dans le domaine de la cosm\u00e9tique naturelle.<\/p>\n\n\n\n<p>Situ\u00e9 au c\u0153ur de la <strong>riche biodiversit\u00e9 carib\u00e9enne<\/strong>, notre laboratoire est d\u00e9di\u00e9 \u00e0 la valorisation des tr\u00e9sors v\u00e9g\u00e9taux de notre r\u00e9gion exceptionnelle. En tant que sp\u00e9cialistes de l&rsquo;extraction v\u00e9g\u00e9tale, nous mettons notre expertise au service de la recherche et du d\u00e9veloppement d&rsquo;<strong>actifs cosm\u00e9tiques innovants et performants<\/strong>.<\/p>\n\n\n\n<h3 class=\"wp-block-heading\"><strong>Valorisation de la Biodiversit\u00e9 Carib\u00e9enne<\/strong><\/h3>\n\n\n\n<p><strong>IM Cosm\u00e9tic Lab<\/strong> se consacre \u00e0 la <strong>d\u00e9couverte et \u00e0 la pr\u00e9servation<\/strong> des plantes uniques de la Cara\u00efbe. Nous explorons les richesses naturelles de cette r\u00e9gion pour identifier des <strong>ingr\u00e9dients pr\u00e9cieux<\/strong> et les transformer en <strong>actifs cosm\u00e9tiques<\/strong> de haute qualit\u00e9.<\/p>\n\n\n\n<h3 class=\"wp-block-heading\"><strong>Sp\u00e9cialistes de l&rsquo;Extraction V\u00e9g\u00e9tale<\/strong><\/h3>\n\n\n\n<p>Gr\u00e2ce \u00e0 des techniques de pointe, nous ma\u00eetrisons l&rsquo;art de l&rsquo;<strong>extraction v\u00e9g\u00e9tale<\/strong>, garantissant des <strong>actifs purs et efficaces<\/strong>. Notre approche scientifique et notre savoir-faire nous permettent de maximiser le potentiel des plantes locales tout en respectant leur int\u00e9grit\u00e9 naturelle.<\/p>\n\n\n\n<h3 class=\"wp-block-heading\"><strong>Recherche et D\u00e9veloppement d&rsquo;Actifs V\u00e9g\u00e9taux<\/strong><\/h3>\n\n\n\n<p>Notre laboratoire s&rsquo;engage dans la recherche et le d\u00e9veloppement d&rsquo;<strong>actifs v\u00e9g\u00e9taux<\/strong> innovants. Nous analysons les propri\u00e9t\u00e9s des plantes, d\u00e9veloppons des m\u00e9thodes d&rsquo;extraction avanc\u00e9es et validons les bienfaits cosm\u00e9tiques de chaque actif. Notre objectif est de fournir des <strong>solutions naturelles et efficaces<\/strong> pour r\u00e9pondre aux besoins sp\u00e9cifiques de l&rsquo;industrie cosm\u00e9tique.<\/p>\n\n\n\n<h3 class=\"wp-block-heading\"><strong>Gestion de Projet<\/strong><\/h3>\n\n\n\n<p><strong>IM Cosm\u00e9tic Lab<\/strong> offre des services complets de gestion de projet pour les entreprises et organisations souhaitant <strong>sous-traiter leurs activit\u00e9s de recherche et d\u00e9veloppement.<\/strong> Nous assurons une gestion personnalis\u00e9e et efficace de chaque projet, de la conception \u00e0 la mise sur le march\u00e9, garantissant des r\u00e9sultats optimaux et une satisfaction client totale.<\/p>\n\n\n\n<p>Avec<strong> IM Cosm\u00e9tic Lab<\/strong>, d\u00e9couvrez un partenaire engag\u00e9 et comp\u00e9tent, pr\u00eat \u00e0 transformer la richesse v\u00e9g\u00e9tale de la Cara\u00efbe en solutions cosm\u00e9tiques innovantes. <\/p>\n\n\n\n<p>Que vous soyez \u00e0 la<strong> recherche d&rsquo;actifs v\u00e9g\u00e9taux uniques<\/strong> ou d&rsquo;un support professionnel pour g\u00e9rer vos projets de recherche et d\u00e9veloppement, nous sommes l\u00e0 pour vous accompagner \u00e0 chaque \u00e9tape. <\/p>\n\n\n\n<p>Rejoignez-nous dans cette aventure passionnante et <strong>propulsez l&rsquo;innovation<\/strong> dans vos produits cosm\u00e9tiques gr\u00e2ce \u00e0 <strong>notre expertise<\/strong> et \u00e0 notre passion pour la nature.<\/p>\n","protected":false},"excerpt":{"rendered":"<p>L&rsquo;innovation au coeur du v\u00e9g\u00e9tal Bienvenue chez IM Cosm\u00e9tic Lab, votre partenaire de confiance dans le domaine de la cosm\u00e9tique naturelle. Situ\u00e9 au c\u0153ur de la riche biodiversit\u00e9 carib\u00e9enne, notre laboratoire est d\u00e9di\u00e9 \u00e0 la valorisation des tr\u00e9sors v\u00e9g\u00e9taux de notre r\u00e9gion exceptionnelle. En tant que sp\u00e9cialistes de l&rsquo;extraction v\u00e9g\u00e9tale, nous mettons notre expertise au &hellip; <\/p>\n<p class=\"link-more\"><a href=\"https:\/\/imcosmeticlab.com\/\" class=\"more-link\">Continuer la lecture<span class=\"screen-reader-text\"> de &laquo;&nbsp;Du V\u00e9g\u00e9tal \u00e0 l\u2019Actif <br \/>\u2026 L\u2019art de la transformation naturelle&nbsp;&raquo;<\/span><\/a><\/p>\n","protected":false},"author":1,"featured_media":0,"parent":0,"menu_order":0,"comment_status":"closed","ping_status":"open","template":"","meta":{"footnotes":""},"class_list":["post-2","page","type-page","status-publish","hentry"],"_links":{"self":[{"href":"https:\/\/imcosmeticlab.com\/index.php\/wp-json\/wp\/v2\/pages\/2","targetHints":{"allow":["GET"]}}],"collection":[{"href":"https:\/\/imcosmeticlab.com\/index.php\/wp-json\/wp\/v2\/pages"}],"about":[{"href":"https:\/\/imcosmeticlab.com\/index.php\/wp-json\/wp\/v2\/types\/page"}],"author":[{"embeddable":true,"href":"https:\/\/imcosmeticlab.com\/index.php\/wp-json\/wp\/v2\/users\/1"}],"replies":[{"embeddable":true,"href":"https:\/\/imcosmeticlab.com\/index.php\/wp-json\/wp\/v2\/comments?post=2"}],"version-history":[{"count":9,"href":"https:\/\/imcosmeticlab.com\/index.php\/wp-json\/wp\/v2\/pages\/2\/revisions"}],"predecessor-version":[{"id":92,"href":"https:\/\/imcosmeticlab.com\/index.php\/wp-json\/wp\/v2\/pages\/2\/revisions\/92"}],"wp:attachment":[{"href":"https:\/\/imcosmeticlab.com\/index.php\/wp-json\/wp\/v2\/media?parent=2"}],"curies":[{"name":"wp","href":"https:\/\/api.w.org\/{rel}","templated":true}]}}