{"id":24,"date":"2024-06-17T23:55:22","date_gmt":"2024-06-17T21:55:22","guid":{"rendered":"https:\/\/imcosmh.cluster030.hosting.ovh.net\/?page_id=24"},"modified":"2024-06-18T19:35:16","modified_gmt":"2024-06-18T17:35:16","slug":"gestion-de-projet","status":"publish","type":"page","link":"https:\/\/imcosmeticlab.com\/index.php\/gestion-de-projet\/","title":{"rendered":"Nos services de Gestion de projet"},"content":{"rendered":"\n<p>Chez <strong>IM Cosm\u00e9tic Lab<\/strong>, nous offrons des services complets de gestion de projet pour les entreprises et organisations souhaitant <strong>sous-traiter leurs activit\u00e9s de recherche et d\u00e9veloppement<\/strong> dans le domaine cosm\u00e9tique. Nous comprenons que chaque projet est unique, c&rsquo;est pourquoi nous proposons une gestion personnalis\u00e9e et adapt\u00e9e aux besoins sp\u00e9cifiques de nos clients.<\/p>\n\n\n\n<p>Nos services de gestion de projet incluent :<\/p>\n\n\n\n<ul class=\"wp-block-list\">\n<li><strong>Analyse<\/strong> des besoins et d\u00e9finition des <strong>objectifs du projet<\/strong>.<\/li>\n\n\n\n<li>Planification et <strong>mise en \u0153uvre<\/strong> des \u00e9tapes cl\u00e9s du projet.<\/li>\n\n\n\n<li><strong>Coordination<\/strong> des ressources et des \u00e9quipes impliqu\u00e9es.<\/li>\n\n\n\n<li>Suivi et \u00e9valuation des <strong>progr\u00e8s<\/strong> du projet.<\/li>\n\n\n\n<li><strong>Communication<\/strong> r\u00e9guli\u00e8re avec les clients pour assurer la transparence et la satisfaction.<\/li>\n<\/ul>\n\n\n\n<p>Nous nous engageons \u00e0 <strong>propulser l&rsquo;innovation<\/strong> en int\u00e9grant des actifs cosm\u00e9tiques uniques dans vos produits, vous permettant ainsi de vous d\u00e9marquer de la concurrence. Notre expertise en gestion de projet garantit que chaque \u00e9tape, de la recherche initiale \u00e0 la mise sur le march\u00e9, est r\u00e9alis\u00e9e avec <strong>pr\u00e9cision et efficacit\u00e9<\/strong>.<\/p>\n\n\n\n<p>Avec <strong>IM Cosm\u00e9tic Lab<\/strong>, b\u00e9n\u00e9ficiez d&rsquo;un accompagnement professionnel et rigoureux pour transformer vos id\u00e9es en produits cosm\u00e9tiques innovants et performants.<\/p>\n","protected":false},"excerpt":{"rendered":"<p>Chez IM Cosm\u00e9tic Lab, nous offrons des services complets de gestion de projet pour les entreprises et organisations souhaitant sous-traiter leurs activit\u00e9s de recherche et d\u00e9veloppement dans le domaine cosm\u00e9tique. Nous comprenons que chaque projet est unique, c&rsquo;est pourquoi nous proposons une gestion personnalis\u00e9e et adapt\u00e9e aux besoins sp\u00e9cifiques de nos clients. Nos services de &hellip; <\/p>\n<p class=\"link-more\"><a href=\"https:\/\/imcosmeticlab.com\/index.php\/gestion-de-projet\/\" class=\"more-link\">Continuer la lecture<span class=\"screen-reader-text\"> de &laquo;&nbsp;Nos services de Gestion de projet&nbsp;&raquo;<\/span><\/a><\/p>\n","protected":false},"author":1,"featured_media":35,"parent":0,"menu_order":0,"comment_status":"closed","ping_status":"closed","template":"","meta":{"footnotes":""},"class_list":["post-24","page","type-page","status-publish","has-post-thumbnail","hentry"],"_links":{"self":[{"href":"https:\/\/imcosmeticlab.com\/index.php\/wp-json\/wp\/v2\/pages\/24","targetHints":{"allow":["GET"]}}],"collection":[{"href":"https:\/\/imcosmeticlab.com\/index.php\/wp-json\/wp\/v2\/pages"}],"about":[{"href":"https:\/\/imcosmeticlab.com\/index.php\/wp-json\/wp\/v2\/types\/page"}],"author":[{"embeddable":true,"href":"https:\/\/imcosmeticlab.com\/index.php\/wp-json\/wp\/v2\/users\/1"}],"replies":[{"embeddable":true,"href":"https:\/\/imcosmeticlab.com\/index.php\/wp-json\/wp\/v2\/comments?post=24"}],"version-history":[{"count":3,"href":"https:\/\/imcosmeticlab.com\/index.php\/wp-json\/wp\/v2\/pages\/24\/revisions"}],"predecessor-version":[{"id":83,"href":"https:\/\/imcosmeticlab.com\/index.php\/wp-json\/wp\/v2\/pages\/24\/revisions\/83"}],"wp:featuredmedia":[{"embeddable":true,"href":"https:\/\/imcosmeticlab.com\/index.php\/wp-json\/wp\/v2\/media\/35"}],"wp:attachment":[{"href":"https:\/\/imcosmeticlab.com\/index.php\/wp-json\/wp\/v2\/media?parent=24"}],"curies":[{"name":"wp","href":"https:\/\/api.w.org\/{rel}","templated":true}]}}