{"id":70,"date":"2024-06-18T18:39:41","date_gmt":"2024-06-18T16:39:41","guid":{"rendered":"https:\/\/imcosmh.cluster030.hosting.ovh.net\/?page_id=70"},"modified":"2024-06-18T19:29:59","modified_gmt":"2024-06-18T17:29:59","slug":"contact","status":"publish","type":"page","link":"https:\/\/imcosmeticlab.com\/index.php\/contact\/","title":{"rendered":"Contact"},"content":{"rendered":"\n<div class=\"wp-block-group\"><div class=\"wp-block-group__inner-container is-layout-constrained wp-block-group-is-layout-constrained\">\n<h2 class=\"wp-block-heading\"><strong>Du V\u00e9g\u00e9tal \u00e0 l&rsquo;Actif<\/strong><br \/><strong>&#8230; L&rsquo;art de la Transformation Naturelle<\/strong><\/h2>\n<\/div><\/div>\n\n\n\n<figure class=\"wp-block-image size-large is-resized\"><img loading=\"lazy\" decoding=\"async\" width=\"1024\" height=\"1024\" src=\"http:\/\/imcosmh.cluster030.hosting.ovh.net\/wp-content\/uploads\/2024\/06\/Cosmetic-Lab-Logo-2-1024x1024.png\" alt=\"\" class=\"wp-image-74\" style=\"width:224px;height:auto\" srcset=\"https:\/\/imcosmeticlab.com\/wp-content\/uploads\/2024\/06\/Cosmetic-Lab-Logo-2-1024x1024.png 1024w, https:\/\/imcosmeticlab.com\/wp-content\/uploads\/2024\/06\/Cosmetic-Lab-Logo-2-300x300.png 300w, https:\/\/imcosmeticlab.com\/wp-content\/uploads\/2024\/06\/Cosmetic-Lab-Logo-2-150x150.png 150w, https:\/\/imcosmeticlab.com\/wp-content\/uploads\/2024\/06\/Cosmetic-Lab-Logo-2-768x768.png 768w, https:\/\/imcosmeticlab.com\/wp-content\/uploads\/2024\/06\/Cosmetic-Lab-Logo-2-100x100.png 100w, https:\/\/imcosmeticlab.com\/wp-content\/uploads\/2024\/06\/Cosmetic-Lab-Logo-2.png 1080w\" sizes=\"auto, (max-width: 706px) 89vw, (max-width: 767px) 82vw, 740px\" \/><\/figure>\n\n\n<p class=\"wp-block-heading\">6 rue d&rsquo;Armaill\u00e9 75017 Paris<br \/>Contactez-nous: imcosmeticlab@gmail.com<\/p>","protected":false},"excerpt":{"rendered":"<p>Du V\u00e9g\u00e9tal \u00e0 l&rsquo;Actif&#8230; L&rsquo;art de la Transformation Naturelle 6 rue d&rsquo;Armaill\u00e9 75017 ParisContactez-nous: imcosmeticlab@gmail.com<\/p>\n","protected":false},"author":1,"featured_media":34,"parent":0,"menu_order":0,"comment_status":"closed","ping_status":"closed","template":"","meta":{"footnotes":""},"class_list":["post-70","page","type-page","status-publish","has-post-thumbnail","hentry"],"_links":{"self":[{"href":"https:\/\/imcosmeticlab.com\/index.php\/wp-json\/wp\/v2\/pages\/70","targetHints":{"allow":["GET"]}}],"collection":[{"href":"https:\/\/imcosmeticlab.com\/index.php\/wp-json\/wp\/v2\/pages"}],"about":[{"href":"https:\/\/imcosmeticlab.com\/index.php\/wp-json\/wp\/v2\/types\/page"}],"author":[{"embeddable":true,"href":"https:\/\/imcosmeticlab.com\/index.php\/wp-json\/wp\/v2\/users\/1"}],"replies":[{"embeddable":true,"href":"https:\/\/imcosmeticlab.com\/index.php\/wp-json\/wp\/v2\/comments?post=70"}],"version-history":[{"count":5,"href":"https:\/\/imcosmeticlab.com\/index.php\/wp-json\/wp\/v2\/pages\/70\/revisions"}],"predecessor-version":[{"id":79,"href":"https:\/\/imcosmeticlab.com\/index.php\/wp-json\/wp\/v2\/pages\/70\/revisions\/79"}],"wp:featuredmedia":[{"embeddable":true,"href":"https:\/\/imcosmeticlab.com\/index.php\/wp-json\/wp\/v2\/media\/34"}],"wp:attachment":[{"href":"https:\/\/imcosmeticlab.com\/index.php\/wp-json\/wp\/v2\/media?parent=70"}],"curies":[{"name":"wp","href":"https:\/\/api.w.org\/{rel}","templated":true}]}}